{"id":5671,"date":"2022-12-31T12:39:43","date_gmt":"2022-12-31T12:39:43","guid":{"rendered":"https:\/\/medposnonwoven.com\/product\/touca-medica-descartavel\/"},"modified":"2023-05-06T12:02:57","modified_gmt":"2023-05-06T12:02:57","slug":"touca-medica-descartavel","status":"publish","type":"product","link":"https:\/\/medposnonwoven.com\/pt-br\/produto\/touca-medica-descartavel\/","title":{"rendered":"Touca m\u00e9dica descart\u00e1vel"},"content":{"rendered":"<ul>\n<li>As toucas de limpeza descart\u00e1veis protegem os cirurgi\u00f5es e o pessoal da exposi\u00e7\u00e3o a compostos que cont\u00eam sujidade. O material SMS proporciona excelentes qualidades repelentes de \u00e1gua e anti-est\u00e1ticas. A \u00e1rea de trabalho ser\u00e1 protegida contra cabelos, gotas de suor e part\u00edculas secas da cabe\u00e7a por toucas cir\u00fargicas descart\u00e1veis. As toucas de cirurgi\u00e3o s\u00e3o feitas de tecido n\u00e3o tecido confort\u00e1vel e duradouro. A touca de limpeza descart\u00e1vel adapta-se \u00e0 cabe\u00e7a do utilizador de forma segura e confort\u00e1vel gra\u00e7as ao estilo tradicional. Para um m\u00e1ximo de conforto e simplicidade de utiliza\u00e7\u00e3o, os gorros de pl\u00e1stico descart\u00e1veis t\u00eam pain\u00e9is laterais largos, uma coroa ventilada e atilhos ajust\u00e1veis.<\/li>\n<li>Qualquer forma de cabe\u00e7a pode caber dentro das toucas de protec\u00e7\u00e3o descart\u00e1veis para homens e mulheres. Pode facilmente deitar fora os protectores de cabelo cir\u00fargicos depois do trabalho, porque s\u00e3o feitos para serem utilizados apenas uma vez. Mesmo as pessoas com cabelo comprido podem utilizar os protectores de cabelo descart\u00e1veis. Para cl\u00ednicas, instala\u00e7\u00f5es m\u00e9dicas e instala\u00e7\u00f5es de investiga\u00e7\u00e3o, o arn\u00eas descart\u00e1vel \u00e9 ideal. Os enfermeiros, m\u00e9dicos e outros profissionais de sa\u00fade podem utilizar toucas cir\u00fargicas descart\u00e1veis quando prestam cuidados a doentes hospitalizados. Os veterin\u00e1rios tamb\u00e9m podem usar a touca de cirurgi\u00e3o.<\/li>\n<\/ul>\n<p>&nbsp;<\/p>\n<p>&nbsp;<\/p>\n","protected":false},"excerpt":{"rendered":"<ul>\n<li>Estes chap\u00e9us unissexo s\u00e3o feitos de material n\u00e3o tecido SMS com uma banda el\u00e1stica ou um la\u00e7o para ajuste, macios e confort\u00e1veis de usar.<\/li>\n<li>O SMS \u00e9 um tecido fiado, fundido, soprado e fiado que oferece uma elevada resist\u00eancia \u00e0 trac\u00e7\u00e3o. Este tipo de tecido n\u00e3o tecido \u00e9 dur\u00e1vel, n\u00e3o t\u00f3xico e respir\u00e1vel, mais macio do que o material de polipropileno.<\/li>\n<\/ul>\n<h4>Caracter\u00edsticas<\/h4>\n<p>Material: 25gsm SMS ou Spunbond<\/p>\n<p>Tamanho:64x15cm<\/p>\n<p>Cor:Azul, Verde<\/p>\n<p>Tipo: El\u00e1stico ou gravata<\/p>\n<p>Embalagem: 100 unidades\/saco, 10 ou 20 sacos\/caixa<\/p>\n<p>&nbsp;<\/p>\n<p>&nbsp;<\/p>\n","protected":false},"featured_media":5256,"template":"","meta":{"site-sidebar-layout":"default","site-content-layout":"default","ast-site-content-layout":"default","site-content-style":"default","site-sidebar-style":"default","ast-global-header-display":"","ast-banner-title-visibility":"","ast-main-header-display":"","ast-hfb-above-header-display":"","ast-hfb-below-header-display":"","ast-hfb-mobile-header-display":"","site-post-title":"","ast-breadcrumbs-content":"","ast-featured-img":"","footer-sml-layout":"","ast-disable-related-posts":"","theme-transparent-header-meta":"default","adv-header-id-meta":"","stick-header-meta":"","header-above-stick-meta":"","header-main-stick-meta":"","header-below-stick-meta":"","astra-migrate-meta-layouts":"default","ast-page-background-enabled":"default","ast-page-background-meta":{"desktop":{"background-color":"","background-image":"","background-repeat":"repeat","background-position":"center center","background-size":"auto","background-attachment":"scroll","background-type":"","background-media":"","overlay-type":"","overlay-color":"","overlay-opacity":"","overlay-gradient":""},"tablet":{"background-color":"","background-image":"","background-repeat":"repeat","background-position":"center center","background-size":"auto","background-attachment":"scroll","background-type":"","background-media":"","overlay-type":"","overlay-color":"","overlay-opacity":"","overlay-gradient":""},"mobile":{"background-color":"","background-image":"","background-repeat":"repeat","background-position":"center center","background-size":"auto","background-attachment":"scroll","background-type":"","background-media":"","overlay-type":"","overlay-color":"","overlay-opacity":"","overlay-gradient":""}},"ast-content-background-meta":{"desktop":{"background-color":"var(--ast-global-color-5)","background-image":"","background-repeat":"repeat","background-position":"center center","background-size":"auto","background-attachment":"scroll","background-type":"","background-media":"","overlay-type":"","overlay-color":"","overlay-opacity":"","overlay-gradient":""},"tablet":{"background-color":"var(--ast-global-color-5)","background-image":"","background-repeat":"repeat","background-position":"center center","background-size":"auto","background-attachment":"scroll","background-type":"","background-media":"","overlay-type":"","overlay-color":"","overlay-opacity":"","overlay-gradient":""},"mobile":{"background-color":"var(--ast-global-color-5)","background-image":"","background-repeat":"repeat","background-position":"center center","background-size":"auto","background-attachment":"scroll","background-type":"","background-media":"","overlay-type":"","overlay-color":"","overlay-opacity":"","overlay-gradient":""}}},"product_brand":[],"product_cat":[141],"product_tag":[],"class_list":{"0":"post-5671","1":"product","2":"type-product","3":"status-publish","4":"has-post-thumbnail","6":"product_cat-tampas-descartaveis","7":"desktop-align-center","8":"tablet-align-left","9":"mobile-align-left","11":"first","12":"instock","13":"shipping-taxable","14":"product-type-simple"},"_links":{"self":[{"href":"https:\/\/medposnonwoven.com\/pt-br\/wp-json\/wp\/v2\/product\/5671","targetHints":{"allow":["GET"]}}],"collection":[{"href":"https:\/\/medposnonwoven.com\/pt-br\/wp-json\/wp\/v2\/product"}],"about":[{"href":"https:\/\/medposnonwoven.com\/pt-br\/wp-json\/wp\/v2\/types\/product"}],"wp:featuredmedia":[{"embeddable":true,"href":"https:\/\/medposnonwoven.com\/pt-br\/wp-json\/wp\/v2\/media\/5256"}],"wp:attachment":[{"href":"https:\/\/medposnonwoven.com\/pt-br\/wp-json\/wp\/v2\/media?parent=5671"}],"wp:term":[{"taxonomy":"product_brand","embeddable":true,"href":"https:\/\/medposnonwoven.com\/pt-br\/wp-json\/wp\/v2\/product_brand?post=5671"},{"taxonomy":"product_cat","embeddable":true,"href":"https:\/\/medposnonwoven.com\/pt-br\/wp-json\/wp\/v2\/product_cat?post=5671"},{"taxonomy":"product_tag","embeddable":true,"href":"https:\/\/medposnonwoven.com\/pt-br\/wp-json\/wp\/v2\/product_tag?post=5671"}],"curies":[{"name":"wp","href":"https:\/\/api.w.org\/{rel}","templated":true}]}}