{"id":5672,"date":"2023-01-02T15:24:41","date_gmt":"2023-01-02T15:24:41","guid":{"rendered":"https:\/\/medposnonwoven.com\/product\/batas-de-isolamento-em-nao-tecido-pp\/"},"modified":"2023-05-06T11:56:27","modified_gmt":"2023-05-06T11:56:27","slug":"batas-de-isolamento-em-nao-tecido-pp","status":"publish","type":"product","link":"https:\/\/medposnonwoven.com\/pt-br\/produto\/batas-de-isolamento-em-nao-tecido-pp\/","title":{"rendered":"Batas de isolamento em n\u00e3o-tecido PP"},"content":{"rendered":"<ul>\n<li>Se trabalha num estabelecimento de sa\u00fade, num laborat\u00f3rio ou em ind\u00fastrias semelhantes, contrair doen\u00e7as infecciosas pode ser uma preocupa\u00e7\u00e3o. Trabalhar num laborat\u00f3rio ou num ambiente m\u00e9dico implica o risco de exposi\u00e7\u00e3o a perigos. As batas de isolamento em polipropileno s\u00e3o fabricadas para um conforto m\u00e1ximo. Descartadas ap\u00f3s cada utiliza\u00e7\u00e3o, as batas de isolamento descart\u00e1veis s\u00e3o normalmente concebidas a partir de materiais n\u00e3o tecidos. O polipropileno \u00e9 uma mat\u00e9ria-prima comummente utilizada na produ\u00e7\u00e3o de batas de isolamento descart\u00e1veis.<\/li>\n<li>S\u00e3o concebidos para cobrir o corpo desde o pesco\u00e7o at\u00e9 aos joelhos e os pulsos at\u00e9 aos cotovelos, e t\u00eam mangas compridas e atilhos ou el\u00e1sticos nos punhos, na cintura e no pesco\u00e7o para os fixar. As batas de isolamento s\u00e3o normalmente usadas em ambientes m\u00e9dicos, como hospitais, cl\u00ednicas, cuidados de sa\u00fade, ind\u00fastria farmac\u00eautica, ind\u00fastria alimentar, laborat\u00f3rios, ind\u00fastria transformadora e seguran\u00e7a, para proteger os profissionais de sa\u00fade de entrarem em contacto com materiais infecciosos ou fluidos corporais. Podem tamb\u00e9m ser usados pelos doentes para evitar a propaga\u00e7\u00e3o da infec\u00e7\u00e3o a outras pessoas.<\/li>\n<\/ul>\n<p>&nbsp;<\/p>\n","protected":false},"excerpt":{"rendered":"<ul>\n<li>Esta bata de isolamento \u00e0 prova de \u00e1gua \u00e9 feita de tecido de polipropileno spunbond confort\u00e1vel, respir\u00e1vel e dur\u00e1vel. Fecho com la\u00e7o \u00e0 volta do pesco\u00e7o e da cintura com costuras para proporcionar uma resist\u00eancia e protec\u00e7\u00e3o superiores.<\/li>\n<li>Isolar eficazmente o p\u00f3 e outras subst\u00e2ncias nocivas, cobrir o corpo e o vestu\u00e1rio e criar uma barreira f\u00edsica \u00e0 transmiss\u00e3o de microrganismos e outras subst\u00e2ncias<\/li>\n<\/ul>\n<h4>Caracter\u00edsticas<\/h4>\n<p>Material: Polipropileno Spunbond<\/p>\n<p>Tamanho: 115x137cm, 120x140cm ou personalizado<\/p>\n<p>Cor: azul, amarelo, verde ou personalizado<\/p>\n<p>Tipo: Punho el\u00e1stico ou punho de malha<\/p>\n<p>Embalagem: 10 unidades\/saco, 10 ou 20 sacos\/caixa<\/p>\n<p>&nbsp;<\/p>\n<p>&nbsp;<\/p>\n","protected":false},"featured_media":5270,"template":"","meta":{"site-sidebar-layout":"default","site-content-layout":"default","ast-site-content-layout":"default","site-content-style":"default","site-sidebar-style":"default","ast-global-header-display":"","ast-banner-title-visibility":"","ast-main-header-display":"","ast-hfb-above-header-display":"","ast-hfb-below-header-display":"","ast-hfb-mobile-header-display":"","site-post-title":"","ast-breadcrumbs-content":"","ast-featured-img":"","footer-sml-layout":"","ast-disable-related-posts":"","theme-transparent-header-meta":"default","adv-header-id-meta":"","stick-header-meta":"","header-above-stick-meta":"","header-main-stick-meta":"","header-below-stick-meta":"","astra-migrate-meta-layouts":"default","ast-page-background-enabled":"default","ast-page-background-meta":{"desktop":{"background-color":"","background-image":"","background-repeat":"repeat","background-position":"center center","background-size":"auto","background-attachment":"scroll","background-type":"","background-media":"","overlay-type":"","overlay-color":"","overlay-opacity":"","overlay-gradient":""},"tablet":{"background-color":"","background-image":"","background-repeat":"repeat","background-position":"center center","background-size":"auto","background-attachment":"scroll","background-type":"","background-media":"","overlay-type":"","overlay-color":"","overlay-opacity":"","overlay-gradient":""},"mobile":{"background-color":"","background-image":"","background-repeat":"repeat","background-position":"center center","background-size":"auto","background-attachment":"scroll","background-type":"","background-media":"","overlay-type":"","overlay-color":"","overlay-opacity":"","overlay-gradient":""}},"ast-content-background-meta":{"desktop":{"background-color":"var(--ast-global-color-5)","background-image":"","background-repeat":"repeat","background-position":"center center","background-size":"auto","background-attachment":"scroll","background-type":"","background-media":"","overlay-type":"","overlay-color":"","overlay-opacity":"","overlay-gradient":""},"tablet":{"background-color":"var(--ast-global-color-5)","background-image":"","background-repeat":"repeat","background-position":"center center","background-size":"auto","background-attachment":"scroll","background-type":"","background-media":"","overlay-type":"","overlay-color":"","overlay-opacity":"","overlay-gradient":""},"mobile":{"background-color":"var(--ast-global-color-5)","background-image":"","background-repeat":"repeat","background-position":"center center","background-size":"auto","background-attachment":"scroll","background-type":"","background-media":"","overlay-type":"","overlay-color":"","overlay-opacity":"","overlay-gradient":""}}},"product_brand":[],"product_cat":[138],"product_tag":[],"class_list":{"0":"post-5672","1":"product","2":"type-product","3":"status-publish","4":"has-post-thumbnail","6":"product_cat-batas-de-proteccao","7":"desktop-align-center","8":"tablet-align-left","9":"mobile-align-left","11":"first","12":"instock","13":"shipping-taxable","14":"product-type-simple"},"_links":{"self":[{"href":"https:\/\/medposnonwoven.com\/pt-br\/wp-json\/wp\/v2\/product\/5672","targetHints":{"allow":["GET"]}}],"collection":[{"href":"https:\/\/medposnonwoven.com\/pt-br\/wp-json\/wp\/v2\/product"}],"about":[{"href":"https:\/\/medposnonwoven.com\/pt-br\/wp-json\/wp\/v2\/types\/product"}],"wp:featuredmedia":[{"embeddable":true,"href":"https:\/\/medposnonwoven.com\/pt-br\/wp-json\/wp\/v2\/media\/5270"}],"wp:attachment":[{"href":"https:\/\/medposnonwoven.com\/pt-br\/wp-json\/wp\/v2\/media?parent=5672"}],"wp:term":[{"taxonomy":"product_brand","embeddable":true,"href":"https:\/\/medposnonwoven.com\/pt-br\/wp-json\/wp\/v2\/product_brand?post=5672"},{"taxonomy":"product_cat","embeddable":true,"href":"https:\/\/medposnonwoven.com\/pt-br\/wp-json\/wp\/v2\/product_cat?post=5672"},{"taxonomy":"product_tag","embeddable":true,"href":"https:\/\/medposnonwoven.com\/pt-br\/wp-json\/wp\/v2\/product_tag?post=5672"}],"curies":[{"name":"wp","href":"https:\/\/api.w.org\/{rel}","templated":true}]}}