{"id":5674,"date":"2022-12-30T15:17:55","date_gmt":"2022-12-30T15:17:55","guid":{"rendered":"https:\/\/medposnonwoven.com\/product\/touca-descartavel\/"},"modified":"2023-05-06T12:05:03","modified_gmt":"2023-05-06T12:05:03","slug":"touca-descartavel","status":"publish","type":"product","link":"https:\/\/medposnonwoven.com\/pt-br\/produto\/touca-descartavel\/","title":{"rendered":"Touca descart\u00e1vel"},"content":{"rendered":"<ul>\n<li data-spm-anchor-id=\"a2700.details.0.i19.68fd693f12waMx\"><span data-offset-key=\"fj6rm-199-0\">Dis<\/span><span data-offset-key=\"fj6rm-200-0\">pos<\/span><span data-offset-key=\"fj6rm-201-0\">poss\u00edvel<\/span><span data-offset-key=\"fj6rm-202-0\"> bou<\/span><span data-offset-key=\"fj6rm-203-0\">ff<\/span><span data-offset-key=\"fj6rm-204-0\">ant<\/span><span data-offset-key=\"fj6rm-205-0\"> tampas<\/span><span data-offset-key=\"fj6rm-206-0\">,<\/span><span data-offset-key=\"fj6rm-207-0\"> algu\u00e9m tamb\u00e9m chama<\/span><span data-offset-key=\"fj6rm-210-0\"> clip<\/span><span data-offset-key=\"fj6rm-211-0\"> bon\u00e9s<\/span><span data-offset-key=\"fj6rm-212-0\">Na maioria dos casos, a banda el\u00e1stica que envolve a cabe\u00e7a para fixar o gorro pode ser apertada ou desapertada de acordo com o tamanho da cabe\u00e7a. Desta forma, pode certificar-se de que a tampa se ajusta de forma confort\u00e1vel mas agrad\u00e1vel. Os bon\u00e9s est\u00e3o dispon\u00edveis em v\u00e1rias cores e tamanhos para diferentes cabe\u00e7as. O cliente pode fabricar tampas de espessura fina ou grossa para diferentes cen\u00e1rios.<\/span><\/li>\n<li data-spm-anchor-id=\"a2700.details.0.i19.68fd693f12waMx\">Materiais como o polipropileno 100% n\u00e3o tecido, que \u00e9 conhecido por ser leve e respir\u00e1vel, enquanto a sua cabe\u00e7a permanece confort\u00e1vel e protegida, s\u00e3o utilizados para melhorar o conforto da utiliza\u00e7\u00e3o durante todo o dia. A sua cabe\u00e7a \u00e9 envolvida com firmeza mas com carinho por um el\u00e1stico para um ajuste ideal. Tamb\u00e9m s\u00e3o \u00f3ptimos para manter os cabelos afastados da \u00e1rea de trabalho e dos olhos.<\/li>\n<\/ul>\n<p>&nbsp;<\/p>\n<p>&nbsp;<\/p>\n<p>&nbsp;<\/p>\n","protected":false},"excerpt":{"rendered":"<ul>\n<li>Os bon\u00e9s Bouffant s\u00e3o fabricados em polipropileno fiado e garantem o m\u00e1ximo conforto e s\u00e3o f\u00e1ceis de colocar. O estilo tradicional envolve a cabe\u00e7a de forma segura para um ajuste perfeito.<\/li>\n<li>Amplamente utilizado para casa, hospital, spa, sal\u00e3o de beleza, ind\u00fastria de servi\u00e7os e espa\u00e7o de trabalho sem p\u00f3, n\u00e3o tem medo da perda acidental de cabelo.<\/li>\n<\/ul>\n<h4>Caracter\u00edsticas<\/h4>\n<p>Material: N\u00e3o-tecido de polipropileno de 10 g\/m\u00b2 (ou peso personalizado)<\/p>\n<p>Tamanho:18&#8243;, 19&#8243;, 20&#8243;, 21&#8243;, 22&#8243;,23&#8243;, 24&#8243;<\/p>\n<p>Cor:Azul,Preto,Branco(Outras cores tamb\u00e9m s\u00e3o aceites)<\/p>\n<p>Embalagem: 100 unidades\/saco, 10 ou 20 sacos\/caixa<\/p>\n<p>&nbsp;<\/p>\n<p>&nbsp;<\/p>\n<p>&nbsp;<\/p>\n","protected":false},"featured_media":5253,"template":"","meta":{"site-sidebar-layout":"default","site-content-layout":"default","ast-site-content-layout":"default","site-content-style":"default","site-sidebar-style":"default","ast-global-header-display":"","ast-banner-title-visibility":"","ast-main-header-display":"","ast-hfb-above-header-display":"","ast-hfb-below-header-display":"","ast-hfb-mobile-header-display":"","site-post-title":"","ast-breadcrumbs-content":"","ast-featured-img":"","footer-sml-layout":"","ast-disable-related-posts":"","theme-transparent-header-meta":"default","adv-header-id-meta":"","stick-header-meta":"","header-above-stick-meta":"","header-main-stick-meta":"","header-below-stick-meta":"","astra-migrate-meta-layouts":"default","ast-page-background-enabled":"default","ast-page-background-meta":{"desktop":{"background-color":"","background-image":"","background-repeat":"repeat","background-position":"center center","background-size":"auto","background-attachment":"scroll","background-type":"","background-media":"","overlay-type":"","overlay-color":"","overlay-opacity":"","overlay-gradient":""},"tablet":{"background-color":"","background-image":"","background-repeat":"repeat","background-position":"center center","background-size":"auto","background-attachment":"scroll","background-type":"","background-media":"","overlay-type":"","overlay-color":"","overlay-opacity":"","overlay-gradient":""},"mobile":{"background-color":"","background-image":"","background-repeat":"repeat","background-position":"center center","background-size":"auto","background-attachment":"scroll","background-type":"","background-media":"","overlay-type":"","overlay-color":"","overlay-opacity":"","overlay-gradient":""}},"ast-content-background-meta":{"desktop":{"background-color":"var(--ast-global-color-5)","background-image":"","background-repeat":"repeat","background-position":"center center","background-size":"auto","background-attachment":"scroll","background-type":"","background-media":"","overlay-type":"","overlay-color":"","overlay-opacity":"","overlay-gradient":""},"tablet":{"background-color":"var(--ast-global-color-5)","background-image":"","background-repeat":"repeat","background-position":"center center","background-size":"auto","background-attachment":"scroll","background-type":"","background-media":"","overlay-type":"","overlay-color":"","overlay-opacity":"","overlay-gradient":""},"mobile":{"background-color":"var(--ast-global-color-5)","background-image":"","background-repeat":"repeat","background-position":"center center","background-size":"auto","background-attachment":"scroll","background-type":"","background-media":"","overlay-type":"","overlay-color":"","overlay-opacity":"","overlay-gradient":""}}},"product_brand":[],"product_cat":[141],"product_tag":[],"class_list":{"0":"post-5674","1":"product","2":"type-product","3":"status-publish","4":"has-post-thumbnail","6":"product_cat-tampas-descartaveis","7":"desktop-align-center","8":"tablet-align-left","9":"mobile-align-left","11":"first","12":"instock","13":"shipping-taxable","14":"product-type-simple"},"_links":{"self":[{"href":"https:\/\/medposnonwoven.com\/pt-br\/wp-json\/wp\/v2\/product\/5674","targetHints":{"allow":["GET"]}}],"collection":[{"href":"https:\/\/medposnonwoven.com\/pt-br\/wp-json\/wp\/v2\/product"}],"about":[{"href":"https:\/\/medposnonwoven.com\/pt-br\/wp-json\/wp\/v2\/types\/product"}],"wp:featuredmedia":[{"embeddable":true,"href":"https:\/\/medposnonwoven.com\/pt-br\/wp-json\/wp\/v2\/media\/5253"}],"wp:attachment":[{"href":"https:\/\/medposnonwoven.com\/pt-br\/wp-json\/wp\/v2\/media?parent=5674"}],"wp:term":[{"taxonomy":"product_brand","embeddable":true,"href":"https:\/\/medposnonwoven.com\/pt-br\/wp-json\/wp\/v2\/product_brand?post=5674"},{"taxonomy":"product_cat","embeddable":true,"href":"https:\/\/medposnonwoven.com\/pt-br\/wp-json\/wp\/v2\/product_cat?post=5674"},{"taxonomy":"product_tag","embeddable":true,"href":"https:\/\/medposnonwoven.com\/pt-br\/wp-json\/wp\/v2\/product_tag?post=5674"}],"curies":[{"name":"wp","href":"https:\/\/api.w.org\/{rel}","templated":true}]}}