{"id":5675,"date":"2022-12-30T13:29:48","date_gmt":"2022-12-30T13:29:48","guid":{"rendered":"https:\/\/medposnonwoven.com\/product\/touca-nao-tecida-rede-de-cabelo-com-pincas\/"},"modified":"2023-05-06T12:05:50","modified_gmt":"2023-05-06T12:05:50","slug":"touca-nao-tecida-rede-de-cabelo-com-pincas","status":"publish","type":"product","link":"https:\/\/medposnonwoven.com\/pt-br\/produto\/touca-nao-tecida-rede-de-cabelo-com-pincas\/","title":{"rendered":"Touca n\u00e3o tecida (rede de cabelo com pin\u00e7as)"},"content":{"rendered":"<ul>\n<li><span data-offset-key=\"107rj-10-0\">Dis<\/span><span data-offset-key=\"107rj-11-0\">pos<\/span><span data-offset-key=\"107rj-12-0\">capaz<\/span><span data-offset-key=\"107rj-13-0\"> clipe<\/span><span data-offset-key=\"107rj-14-0\"> tampas<\/span><span data-offset-key=\"107rj-15-0\">,<\/span><span data-offset-key=\"107rj-16-0\"> tamb\u00e9m<\/span><span data-offset-key=\"107rj-17-0\"> conhecido<\/span><span data-offset-key=\"107rj-18-0\"> como<\/span><span data-offset-key=\"107rj-19-0\"> bou<\/span><span data-offset-key=\"107rj-20-0\">ff<\/span><span data-offset-key=\"107rj-21-0\">formiga<\/span><span data-offset-key=\"107rj-22-0\"> tampas<\/span><span data-offset-key=\"107rj-23-0\">,<\/span><span data-offset-key=\"107rj-24-0\"> S\u00e3o feitos de tecido n\u00e3o tecido spunbond leve e respir\u00e1vel, concebido para evitar a queda de p\u00ealos durante o trabalho em locais com elevados requisitos de higiene. <\/span><span data-offset-key=\"107rj-56-0\"> Estes<\/span><span data-offset-key=\"107rj-57-0\"> tampas<\/span><span data-offset-key=\"107rj-58-0\"> s\u00e3o<\/span><span data-offset-key=\"107rj-59-0\"> destinado<\/span><span data-offset-key=\"107rj-60-0\"> para<\/span><span data-offset-key=\"107rj-61-0\"> ser<\/span><span data-offset-key=\"107rj-62-0\"> utilizado<\/span><span data-offset-key=\"107rj-63-0\"> apenas<\/span><span data-offset-key=\"107rj-64-0\"> uma vez<\/span><span data-offset-key=\"107rj-65-0\"> e<\/span><span data-offset-key=\"107rj-66-0\"> depois<\/span><span data-offset-key=\"107rj-67-0\"> eliminado<\/span><span data-offset-key=\"107rj-68-0\"> de<\/span><span data-offset-key=\"107rj-69-0\">,<\/span><span data-offset-key=\"107rj-70-0\"> como<\/span><span data-offset-key=\"107rj-71-0\"> eles<\/span><span data-offset-key=\"107rj-72-0\"> s\u00e3o<\/span><span data-offset-key=\"107rj-73-0\"> n\u00e3o<\/span><span data-offset-key=\"107rj-74-0\"> destinado<\/span><span data-offset-key=\"107rj-75-0\"> para<\/span><span data-offset-key=\"107rj-76-0\"> ser<\/span><span data-offset-key=\"107rj-77-0\"> reutilizado<\/span><span data-offset-key=\"107rj-78-0\">.<\/span><span data-offset-key=\"107rj-79-0\"> Uma touca de clipe descart\u00e1vel tem normalmente uma tampa esf\u00e9rica, em forma de c\u00fapula, com uma banda el\u00e1stica que envolve a cabe\u00e7a de forma segura. Normalmente, esta banda \u00e9 constitu\u00edda por um tecido fino, n\u00e3o tecido, que \u00e9 f\u00e1cil de apertar \u00e0 volta da cabe\u00e7a. A parte de tr\u00e1s da tampa com clipe descart\u00e1vel pode tamb\u00e9m incluir um fecho com clipe, permitindo um ajuste confort\u00e1vel e apertado.<\/span><\/li>\n<li>Para garantir o conforto da utiliza\u00e7\u00e3o durante todo o dia, materiais como o polipropileno 100% n\u00e3o tecido s\u00e3o conhecidos por serem leves e respir\u00e1veis, enquanto a sua cabe\u00e7a permanece confort\u00e1vel e protegida. Uma fita el\u00e1stica para a cabe\u00e7a envolve a cabe\u00e7a de forma segura, mas suave, para um ajuste perfeito. Al\u00e9m disso, mant\u00eam os cabelos afastados dos olhos e da \u00e1rea de trabalho.<\/li>\n<\/ul>\n<p>&nbsp;<\/p>\n<p>&nbsp;<\/p>\n","protected":false},"excerpt":{"rendered":"<ul>\n<li>Os bon\u00e9s descart\u00e1veis s\u00e3o leves e respir\u00e1veis, o que nunca deixar\u00e1 a cabe\u00e7a abafada.<\/li>\n<li>Amplamente utilizado para casa, hospital, spa, sal\u00e3o de beleza, ind\u00fastria de servi\u00e7os e espa\u00e7o de trabalho sem p\u00f3, n\u00e3o tem medo da perda acidental de cabelo.<\/li>\n<\/ul>\n<h4>Caracter\u00edsticas<\/h4>\n<p>Material: N\u00e3o-tecido de polipropileno de 10 g\/m\u00b2 (ou peso personalizado)<\/p>\n<p>Tamanho:18&#8243;, 19&#8243;, 20&#8243;, 21&#8243;, 22&#8243;,23&#8243;, 24&#8243;<\/p>\n<p>Tipo: El\u00e1stico simples ou duplo<\/p>\n<p>Cor:Azul,Preto,Branco(Outras cores tamb\u00e9m s\u00e3o aceites)<\/p>\n<p>Embalagem: 100 unidades\/saco, 10 ou 20 sacos\/caixa<\/p>\n<p>&nbsp;<\/p>\n<p>&nbsp;<\/p>\n","protected":false},"featured_media":5175,"template":"","meta":{"site-sidebar-layout":"default","site-content-layout":"default","ast-site-content-layout":"default","site-content-style":"default","site-sidebar-style":"default","ast-global-header-display":"","ast-banner-title-visibility":"","ast-main-header-display":"","ast-hfb-above-header-display":"","ast-hfb-below-header-display":"","ast-hfb-mobile-header-display":"","site-post-title":"","ast-breadcrumbs-content":"","ast-featured-img":"","footer-sml-layout":"","ast-disable-related-posts":"","theme-transparent-header-meta":"default","adv-header-id-meta":"","stick-header-meta":"","header-above-stick-meta":"","header-main-stick-meta":"","header-below-stick-meta":"","astra-migrate-meta-layouts":"default","ast-page-background-enabled":"default","ast-page-background-meta":{"desktop":{"background-color":"","background-image":"","background-repeat":"repeat","background-position":"center center","background-size":"auto","background-attachment":"scroll","background-type":"","background-media":"","overlay-type":"","overlay-color":"","overlay-opacity":"","overlay-gradient":""},"tablet":{"background-color":"","background-image":"","background-repeat":"repeat","background-position":"center center","background-size":"auto","background-attachment":"scroll","background-type":"","background-media":"","overlay-type":"","overlay-color":"","overlay-opacity":"","overlay-gradient":""},"mobile":{"background-color":"","background-image":"","background-repeat":"repeat","background-position":"center center","background-size":"auto","background-attachment":"scroll","background-type":"","background-media":"","overlay-type":"","overlay-color":"","overlay-opacity":"","overlay-gradient":""}},"ast-content-background-meta":{"desktop":{"background-color":"var(--ast-global-color-5)","background-image":"","background-repeat":"repeat","background-position":"center center","background-size":"auto","background-attachment":"scroll","background-type":"","background-media":"","overlay-type":"","overlay-color":"","overlay-opacity":"","overlay-gradient":""},"tablet":{"background-color":"var(--ast-global-color-5)","background-image":"","background-repeat":"repeat","background-position":"center center","background-size":"auto","background-attachment":"scroll","background-type":"","background-media":"","overlay-type":"","overlay-color":"","overlay-opacity":"","overlay-gradient":""},"mobile":{"background-color":"var(--ast-global-color-5)","background-image":"","background-repeat":"repeat","background-position":"center center","background-size":"auto","background-attachment":"scroll","background-type":"","background-media":"","overlay-type":"","overlay-color":"","overlay-opacity":"","overlay-gradient":""}}},"product_brand":[],"product_cat":[141],"product_tag":[],"class_list":{"0":"post-5675","1":"product","2":"type-product","3":"status-publish","4":"has-post-thumbnail","6":"product_cat-tampas-descartaveis","7":"desktop-align-center","8":"tablet-align-left","9":"mobile-align-left","11":"first","12":"instock","13":"shipping-taxable","14":"product-type-simple"},"_links":{"self":[{"href":"https:\/\/medposnonwoven.com\/pt-br\/wp-json\/wp\/v2\/product\/5675","targetHints":{"allow":["GET"]}}],"collection":[{"href":"https:\/\/medposnonwoven.com\/pt-br\/wp-json\/wp\/v2\/product"}],"about":[{"href":"https:\/\/medposnonwoven.com\/pt-br\/wp-json\/wp\/v2\/types\/product"}],"wp:featuredmedia":[{"embeddable":true,"href":"https:\/\/medposnonwoven.com\/pt-br\/wp-json\/wp\/v2\/media\/5175"}],"wp:attachment":[{"href":"https:\/\/medposnonwoven.com\/pt-br\/wp-json\/wp\/v2\/media?parent=5675"}],"wp:term":[{"taxonomy":"product_brand","embeddable":true,"href":"https:\/\/medposnonwoven.com\/pt-br\/wp-json\/wp\/v2\/product_brand?post=5675"},{"taxonomy":"product_cat","embeddable":true,"href":"https:\/\/medposnonwoven.com\/pt-br\/wp-json\/wp\/v2\/product_cat?post=5675"},{"taxonomy":"product_tag","embeddable":true,"href":"https:\/\/medposnonwoven.com\/pt-br\/wp-json\/wp\/v2\/product_tag?post=5675"}],"curies":[{"name":"wp","href":"https:\/\/api.w.org\/{rel}","templated":true}]}}